{"id":112,"date":"2022-09-27T15:08:15","date_gmt":"2022-09-27T15:08:15","guid":{"rendered":"http:\/\/www.cafelatino.es\/nw\/?page_id=112"},"modified":"2022-11-25T13:48:20","modified_gmt":"2022-11-25T13:48:20","slug":"actuaciones","status":"publish","type":"page","link":"https:\/\/www.cafelatino.es\/nw\/actuaciones\/","title":{"rendered":"Actuaciones"},"content":{"rendered":"<p>[et_pb_section fb_built=\u00bb1&#8243; _builder_version=\u00bb4.17.6&#8243; _module_preset=\u00bbdefault\u00bb background_color=\u00bb#000000&#8243; custom_margin=\u00bb0px||||false|false\u00bb custom_padding=\u00bb0px||11px||false|false\u00bb global_colors_info=\u00bb{}\u00bb][et_pb_row _builder_version=\u00bb4.17.6&#8243; _module_preset=\u00bbdefault\u00bb width=\u00bb100%\u00bb max_width=\u00bb100%\u00bb min_height=\u00bb100px\u00bb custom_margin=\u00bb-28px||||false|false\u00bb custom_padding=\u00bb||0px||false|false\u00bb global_colors_info=\u00bb{}\u00bb][et_pb_column type=\u00bb4_4&#8243; _builder_version=\u00bb4.17.6&#8243; _module_preset=\u00bbdefault\u00bb global_colors_info=\u00bb{}\u00bb][et_pb_nextend_smart_slider_3 slider=\u00bb2&#8243; _builder_version=\u00bb4.17.6&#8243; _module_preset=\u00bbdefault\u00bb global_colors_info=\u00bb{}\u00bb hover_enabled=\u00bb0&#8243; sticky_enabled=\u00bb0&#8243;][\/et_pb_nextend_smart_slider_3][\/et_pb_column][\/et_pb_row][et_pb_row _builder_version=\u00bb4.17.6&#8243; _module_preset=\u00bbdefault\u00bb global_colors_info=\u00bb{}\u00bb][et_pb_column type=\u00bb4_4&#8243; _builder_version=\u00bb4.17.6&#8243; _module_preset=\u00bbdefault\u00bb global_colors_info=\u00bb{}\u00bb][et_pb_text _builder_version=\u00bb4.17.6&#8243; _module_preset=\u00bbdefault\u00bb custom_margin=\u00bb||4px|||\u00bb custom_padding=\u00bb||0px|||\u00bb global_colors_info=\u00bb{}\u00bb]<\/p>\n<p>&nbsp;<\/p>\n<h1><span style=\"color: #ffffff;\">Han pasado por Caf\u00e9 Latino Jazz<\/span><\/h1>\n<p><span style=\"color: #ffffff;\">Podemos estar orgullosos de que por nuestro Caf\u00e9 han pasado los mejores m\u00fasicos, las mejores voces de Jazz de la historia, y estamos seguros de que continuar\u00e1 siendo as\u00ed.<\/span><\/p>\n<p><span style=\"color: #ffffff;\">Para todos ellos nuestro recuerdo y gratitud por dejarnos momentos estupendos\u2026 aqu\u00ed una peque\u00f1a muestra de ello.<\/span><\/p>\n<p>[\/et_pb_text][\/et_pb_column][\/et_pb_row][et_pb_row _builder_version=\u00bb4.17.6&#8243; _module_preset=\u00bbdefault\u00bb global_colors_info=\u00bb{}\u00bb][et_pb_column type=\u00bb4_4&#8243; _builder_version=\u00bb4.17.6&#8243; _module_preset=\u00bbdefault\u00bb global_colors_info=\u00bb{}\u00bb][et_pb_gallery gallery_ids=\u00bb126,128,121,117,124,123,119,129,120,122,118,115,125,116,127&#8243; posts_number=\u00bb15&#8243; show_pagination=\u00bboff\u00bb _builder_version=\u00bb4.17.6&#8243; _module_preset=\u00bbdefault\u00bb background_color=\u00bbRGBA(255,255,255,0)\u00bb global_colors_info=\u00bb{}\u00bb][\/et_pb_gallery][\/et_pb_column][\/et_pb_row][\/et_pb_section][et_pb_section fb_built=\u00bb1&#8243; _builder_version=\u00bb4.17.6&#8243; _module_preset=\u00bbdefault\u00bb background_color=\u00bb#000000&#8243; custom_padding=\u00bb0px||0px|||\u00bb global_module=\u00bb108&#8243; saved_tabs=\u00bball\u00bb global_colors_info=\u00bb{}\u00bb][et_pb_row _builder_version=\u00bb4.17.6&#8243; _module_preset=\u00bbdefault\u00bb global_colors_info=\u00bb{}\u00bb][et_pb_column type=\u00bb4_4&#8243; _builder_version=\u00bb4.17.6&#8243; _module_preset=\u00bbdefault\u00bb global_colors_info=\u00bb{}\u00bb][et_pb_text _builder_version=\u00bb4.17.6&#8243; _module_preset=\u00bbdefault\u00bb global_colors_info=\u00bb{}\u00bb]<\/p>\n<p><span style=\"color: #ffffff;\">Caf\u00e9 Latino Jazz<\/span><br \/><span style=\"color: #ffffff;\"><i class=\"fa-solid fa-house-user\"><\/i> Plaza de Sta. Eufemia, 7, 32005 Ourense<\/span><br \/><span style=\"color: #ffffff;\"><i class=\"fa-solid fa-phone\"><\/i> 988 22 67 21<\/span><br \/><span style=\"color: #ffffff;\"><i class=\"fa-solid fa-envelope\"><\/i> cafelatino@cafelatino.es<\/span><\/p>\n<p>[\/et_pb_text][\/et_pb_column][\/et_pb_row][\/et_pb_section]<\/p>\n","protected":false},"excerpt":{"rendered":"<p>&nbsp; Han pasado por Caf\u00e9 Latino Jazz Podemos estar orgullosos de que por nuestro Caf\u00e9 han pasado los mejores m\u00fasicos, las mejores voces de Jazz de la historia, y estamos seguros de que continuar\u00e1 siendo as\u00ed. Para todos ellos nuestro recuerdo y gratitud por dejarnos momentos estupendos\u2026 aqu\u00ed una peque\u00f1a muestra de ello.Caf\u00e9 Latino Jazz [&hellip;]<\/p>\n","protected":false},"author":1,"featured_media":0,"parent":0,"menu_order":0,"comment_status":"closed","ping_status":"closed","template":"","meta":{"_et_pb_use_builder":"on","_et_pb_old_content":"","_et_gb_content_width":"","footnotes":""},"class_list":["post-112","page","type-page","status-publish","hentry"],"_links":{"self":[{"href":"https:\/\/www.cafelatino.es\/nw\/wp-json\/wp\/v2\/pages\/112","targetHints":{"allow":["GET"]}}],"collection":[{"href":"https:\/\/www.cafelatino.es\/nw\/wp-json\/wp\/v2\/pages"}],"about":[{"href":"https:\/\/www.cafelatino.es\/nw\/wp-json\/wp\/v2\/types\/page"}],"author":[{"embeddable":true,"href":"https:\/\/www.cafelatino.es\/nw\/wp-json\/wp\/v2\/users\/1"}],"replies":[{"embeddable":true,"href":"https:\/\/www.cafelatino.es\/nw\/wp-json\/wp\/v2\/comments?post=112"}],"version-history":[{"count":9,"href":"https:\/\/www.cafelatino.es\/nw\/wp-json\/wp\/v2\/pages\/112\/revisions"}],"predecessor-version":[{"id":242,"href":"https:\/\/www.cafelatino.es\/nw\/wp-json\/wp\/v2\/pages\/112\/revisions\/242"}],"wp:attachment":[{"href":"https:\/\/www.cafelatino.es\/nw\/wp-json\/wp\/v2\/media?parent=112"}],"curies":[{"name":"wp","href":"https:\/\/api.w.org\/{rel}","templated":true}]}}